{"id":142,"date":"2024-12-01T12:48:47","date_gmt":"2024-12-01T11:48:47","guid":{"rendered":"http:\/\/www.charcoal-yachting.de\/?page_id=142"},"modified":"2024-12-01T12:48:47","modified_gmt":"2024-12-01T11:48:47","slug":"sks-sportkuestenschifferschein","status":"publish","type":"page","link":"https:\/\/www.charcoal-yachting.de\/?page_id=142","title":{"rendered":"SKS Sportk\u00fcstenschifferschein"},"content":{"rendered":"<p>Der Sportk\u00fcstenschifferschein &#8211; SKS -, empfohlen f\u00fcr alle Sportfahrzeuge, Geltungsbereich K\u00fcstengew\u00e4sser aller Meere bis zu 12 sm Abstand von der Festlandk\u00fcste, ist die freiwillige Erweiterung der seglerischen und navigatorischen Ausbildung. An das F\u00fchren einer Segelyacht auf See sind h\u00f6here Anforderungen gestellt, daher wird ohne diesen Bef\u00e4higungsnachweis kaum ein gewerblicher Vermieter (Vercharterer) ein Boot \u00fcberlassen. Eine spannende und anspruchsvolle Ausbildung wirst Du bei uns erleben.<\/p>\n<p>Die theoretische Ausbildung ist die erforderliche Grundlage und findet einmal w\u00f6chentlich abends statt (f\u00fcnf bis sechs Abende) im Anschluss an den SBF &#8211; See &#8211; Kurs, siehe Kurse und Termine. Die Lehrg\u00e4nge finden in angenehmer Atmosph\u00e4re\u00a0 in den freundlichen, hellen, modernen Unterrichtsr\u00e4umen statt.<\/p>\n<p>Der Amtl. SBF-See ist Voraussetzung f\u00fcr die Zulassung zur Pr\u00fcfung zum Sportk\u00fcstenschifferschein \u2013 SKS. F\u00fcr die Zulassung zur praktischen SKS &#8211; Pr\u00fcfung ist ein Erfahrungsnachweis von 300 Seemeilen erforderlich. Hierf\u00fcr z\u00e4hlt jede bis dahin gefahrene Seemeile, die man sich auf seinem \u201eMeilenkonto\u201c gesammelt hat, z. B. anhand eines Meilenbuches (bei uns erh\u00e4ltlich), in dem der jeweilige Schiffsf\u00fchrer die \u00fcber Grund gefahrenen Seemeilen best\u00e4tigt.<\/p>\n<p>Auf einem SKS &#8211; Ausbildungst\u00f6rn lernt man die Yacht kennen und beherrschen, auf der anschlie\u00dfend die SKS \u2013 Praxispr\u00fcfung abgelegt werden soll, \u00fcber uns zu buchen, bitte separate Info anfordern. Wir arbeiten mit mehreren Segelschulen an der Ostseek\u00fcste und einer Segelschule, unter deutscher F\u00fchrung, in S\u00fcdeuropa zusammen. W\u00e4hrend des Ausbildungst\u00f6rns werden ca. 220 \u2013 h\u00f6chstens 250 sm zu schaffen sein, also nicht ausreichend f\u00fcr die Pr\u00fcfungszulassung.<\/p>\n<p>Wir erstellen gern Angebote \u00fcber z. B. eine zweite T\u00f6rnwoche, oft kosteng\u00fcnstiger als die Buchung einer einzelnen Woche, oder eine Woche Skippertraining, oder einfach Mitsegel-\/Urlaubst\u00f6rns, oder auch als Kurzt\u00f6rns \u00fcber 3 \u2013 4 Tage.<\/p>\n<p>IN MEINER SEGEL- UND YACHTSCHULE ERLERNEN SIE \/ ERLERNST DU DIE GRUNDLAGEN DER SEE-NAVIGATION MIT DEM NAUTISCHEN HANDWERKSZEUG, KARTE, KURSLINEAL, MARINEZIRKEL ETC. DURCH ERFAHRENE, SYMPATHISCHE SEGELLEHRERINNEN UND \u2013LEHRER. IN ANGENEHMER ATMOSPH\u00c4RE UND MODERNEN SCHULUNGSR\u00c4UMEN WERDEN SIE \/ WIRST DU AUF DIE PR\u00dcFUNGEN VORBEREITET! WIR WOLLEN BEGEISTERUNG VERMITTELN!!<\/p>\n","protected":false},"excerpt":{"rendered":"<p>Der Sportk\u00fcstenschifferschein &#8211; SKS -, empfohlen f\u00fcr alle Sportfahrzeuge, Geltungsbereich K\u00fcstengew\u00e4sser aller Meere bis zu 12 sm Abstand von der Festlandk\u00fcste, ist die freiwillige Erweiterung der seglerischen und navigatorischen Ausbildung. An das F\u00fchren einer Segelyacht auf See sind h\u00f6here Anforderungen gestellt, daher wird ohne diesen Bef\u00e4higungsnachweis kaum ein gewerblicher Vermieter (Vercharterer) ein Boot \u00fcberlassen. Eine &hellip; <\/p>\n<p class=\"link-more\"><a href=\"https:\/\/www.charcoal-yachting.de\/?page_id=142\" class=\"more-link\"><span class=\"screen-reader-text\">\u201eSKS Sportk\u00fcstenschifferschein\u201c <\/span>weiterlesen<\/a><\/p>\n","protected":false},"author":1,"featured_media":42,"parent":0,"menu_order":0,"comment_status":"closed","ping_status":"closed","template":"","meta":{"jetpack_post_was_ever_published":false,"footnotes":""},"class_list":["post-142","page","type-page","status-publish","has-post-thumbnail","hentry"],"jetpack_sharing_enabled":false,"jetpack_shortlink":"https:\/\/wp.me\/P9qIZq-2i","jetpack_likes_enabled":true,"jetpack-related-posts":[],"_links":{"self":[{"href":"https:\/\/www.charcoal-yachting.de\/index.php?rest_route=\/wp\/v2\/pages\/142","targetHints":{"allow":["GET"]}}],"collection":[{"href":"https:\/\/www.charcoal-yachting.de\/index.php?rest_route=\/wp\/v2\/pages"}],"about":[{"href":"https:\/\/www.charcoal-yachting.de\/index.php?rest_route=\/wp\/v2\/types\/page"}],"author":[{"embeddable":true,"href":"https:\/\/www.charcoal-yachting.de\/index.php?rest_route=\/wp\/v2\/users\/1"}],"replies":[{"embeddable":true,"href":"https:\/\/www.charcoal-yachting.de\/index.php?rest_route=%2Fwp%2Fv2%2Fcomments&post=142"}],"version-history":[{"count":3,"href":"https:\/\/www.charcoal-yachting.de\/index.php?rest_route=\/wp\/v2\/pages\/142\/revisions"}],"predecessor-version":[{"id":522,"href":"https:\/\/www.charcoal-yachting.de\/index.php?rest_route=\/wp\/v2\/pages\/142\/revisions\/522"}],"wp:featuredmedia":[{"embeddable":true,"href":"https:\/\/www.charcoal-yachting.de\/index.php?rest_route=\/wp\/v2\/media\/42"}],"wp:attachment":[{"href":"https:\/\/www.charcoal-yachting.de\/index.php?rest_route=%2Fwp%2Fv2%2Fmedia&parent=142"}],"curies":[{"name":"wp","href":"https:\/\/api.w.org\/{rel}","templated":true}]}}