{"id":145,"date":"2024-12-01T12:33:29","date_gmt":"2024-12-01T11:33:29","guid":{"rendered":"http:\/\/www.charcoal-yachting.de\/?page_id=145"},"modified":"2024-12-01T12:33:29","modified_gmt":"2024-12-01T11:33:29","slug":"fachkundenachweis-fuer-seenotsignalmittel","status":"publish","type":"page","link":"https:\/\/www.charcoal-yachting.de\/?page_id=145","title":{"rendered":"Fachkundenachweis f\u00fcr Seenotsignalmittel"},"content":{"rendered":"<p><strong>FKN \u2013 Fachkundenachweis f\u00fcr Seenotsignalmittel<\/strong><\/p>\n<p>Zu einer vollst\u00e4ndig ausger\u00fcsteten Yacht geh\u00f6ren auch Seenotsignalmittel. Sind sie doch das letzte \u201eKommunikationsmittel\u201c, wenn z. B. alle technischen Einrichtungen an Bord ausgefallen sein sollten.<\/p>\n<p>F\u00fcr z. B. Signalraketen ist der Kauf, Transport und die h\u00e4usliche Lagerung nur erlaubt, wenn einen FKN-Fachkundenachweis nach der, zwischenzeitlich versch\u00e4rften, Sprengstoffverordnung vorgelegt werden kann (fr\u00fcher Pyro-Schein genannt).<\/p>\n<p>Es handelt sich um ein eigenst\u00e4ndiges Zertifikat. Handfackeln, Rauchsignale und Signalgeber mit Magazin\/Trommel k\u00f6nnen ohne besondere Einschr\u00e4nkungen ab 18 Jahren erworben werden.<\/p>\n<p>Im Kurs wird vorgestellt, welche Seenotsignalmittel f\u00fcr die Sportschifffahrt wichtig und sinnvoll sind, der Fragenkatalog, mit 60 Fragen und Musterantworten, durchgearbeitet und erl\u00e4utert, sowie der sichere Umgang mit den pyrotechnischen Seenotsignalmitteln vorgef\u00fchrt und ge\u00fcbt. Kursangebote siehe Terminplan.<\/p>\n<p>Voraussetzungen: Mindestalter 16 Jahre, Inhaber eines Sportbootf\u00fchrerscheines oder anderen anerkannten Scheines.<\/p>\n","protected":false},"excerpt":{"rendered":"<p>FKN \u2013 Fachkundenachweis f\u00fcr Seenotsignalmittel Zu einer vollst\u00e4ndig ausger\u00fcsteten Yacht geh\u00f6ren auch Seenotsignalmittel. Sind sie doch das letzte \u201eKommunikationsmittel\u201c, wenn z. B. alle technischen Einrichtungen an Bord ausgefallen sein sollten. F\u00fcr z. B. Signalraketen ist der Kauf, Transport und die h\u00e4usliche Lagerung nur erlaubt, wenn einen FKN-Fachkundenachweis nach der, zwischenzeitlich versch\u00e4rften, Sprengstoffverordnung vorgelegt werden kann &hellip; <\/p>\n<p class=\"link-more\"><a href=\"https:\/\/www.charcoal-yachting.de\/?page_id=145\" class=\"more-link\"><span class=\"screen-reader-text\">\u201eFachkundenachweis f\u00fcr Seenotsignalmittel\u201c <\/span>weiterlesen<\/a><\/p>\n","protected":false},"author":1,"featured_media":39,"parent":0,"menu_order":0,"comment_status":"closed","ping_status":"closed","template":"","meta":{"jetpack_post_was_ever_published":false,"footnotes":""},"class_list":["post-145","page","type-page","status-publish","has-post-thumbnail","hentry"],"jetpack_sharing_enabled":false,"jetpack_shortlink":"https:\/\/wp.me\/P9qIZq-2l","jetpack_likes_enabled":true,"jetpack-related-posts":[],"_links":{"self":[{"href":"https:\/\/www.charcoal-yachting.de\/index.php?rest_route=\/wp\/v2\/pages\/145","targetHints":{"allow":["GET"]}}],"collection":[{"href":"https:\/\/www.charcoal-yachting.de\/index.php?rest_route=\/wp\/v2\/pages"}],"about":[{"href":"https:\/\/www.charcoal-yachting.de\/index.php?rest_route=\/wp\/v2\/types\/page"}],"author":[{"embeddable":true,"href":"https:\/\/www.charcoal-yachting.de\/index.php?rest_route=\/wp\/v2\/users\/1"}],"replies":[{"embeddable":true,"href":"https:\/\/www.charcoal-yachting.de\/index.php?rest_route=%2Fwp%2Fv2%2Fcomments&post=145"}],"version-history":[{"count":3,"href":"https:\/\/www.charcoal-yachting.de\/index.php?rest_route=\/wp\/v2\/pages\/145\/revisions"}],"predecessor-version":[{"id":152,"href":"https:\/\/www.charcoal-yachting.de\/index.php?rest_route=\/wp\/v2\/pages\/145\/revisions\/152"}],"wp:featuredmedia":[{"embeddable":true,"href":"https:\/\/www.charcoal-yachting.de\/index.php?rest_route=\/wp\/v2\/media\/39"}],"wp:attachment":[{"href":"https:\/\/www.charcoal-yachting.de\/index.php?rest_route=%2Fwp%2Fv2%2Fmedia&parent=145"}],"curies":[{"name":"wp","href":"https:\/\/api.w.org\/{rel}","templated":true}]}}