{"id":147,"date":"2024-12-01T12:48:55","date_gmt":"2024-12-01T11:48:55","guid":{"rendered":"http:\/\/www.charcoal-yachting.de\/?page_id=147"},"modified":"2024-12-01T12:48:55","modified_gmt":"2024-12-01T11:48:55","slug":"sportbootfuehrerschein-fuer-den-geltungsbereich-binnenschifffahrtsstrassen","status":"publish","type":"page","link":"https:\/\/www.charcoal-yachting.de\/?page_id=147","title":{"rendered":"Sportbootf\u00fchrerschein f\u00fcr den Geltungsbereich Binnenschifffahrtsstra\u00dfen"},"content":{"rendered":"<p><span style=\"font-family: arial, helvetica, sans-serif;\"><strong>Praktische Motorbootausbildung<\/strong><\/span><\/p>\n<p><span style=\"font-family: arial, helvetica, sans-serif;\">Zum Erwerb des Amtlichen Sportbootf\u00fchrerschein-Binnen unter Motor und\/oder dem Amtlichen Sportbootf\u00fchrerschein See geh\u00f6rt selbstverst\u00e4ndlich auch die Fahrpraxis. Die Fahrstunde(n), findet\/n auf dem Zweigkanal (neben dem Mittellandkanal) in Seelze statt, Liegeplatz des Schulbootes ist die Marina Rasche-Werft, Werftstra\u00dfe 10, Seelze.<\/span><\/p>\n<p><span style=\"font-family: arial, helvetica, sans-serif;\">Termine nach individueller Absprache.<\/span><\/p>\n<p><span style=\"font-family: arial, helvetica, sans-serif;\">Hier wird der Umgang mit einem motorisierten Wasserfahrzeug erlernt und alle f\u00fcr die Pr\u00fcfung erforderlichen Man\u00f6ver ge\u00fcbt. Die Motorboot-Praxis-<\/span><br \/>\n<span style=\"font-family: arial, helvetica, sans-serif;\">Pr\u00fcfungstermine werden von den Pr\u00fcfungsaussch\u00fcssen herausgegeben.<\/span><\/p>\n<p style=\"background: white; margin: 0cm 0cm 18.0pt 0cm;\"><span style=\"font-family: arial, helvetica, sans-serif;\"><span style=\"font-size: 12pt;\">Der Pr\u00fcfungsort f\u00fcr den PA des DMYV zum SBF-Binnen und SBF-See ist ebenfalls Seelze<\/span><span style=\"font-size: 12pt; color: #471f1f;\">, bei Bedarf aber auch beim NMC-Nieders\u00e4chsischer-Motorboot-Club, Stockhardtweg 11, Hannover-Limmer, nach Ma\u00dfgabe des PA.<\/span><\/span><\/p>\n<p><span style=\"font-family: arial, helvetica, sans-serif;\">Der Pr\u00fcfungsort f\u00fcr die Abnahme durch den PA des DMYV ist beim NMC-Nieders\u00e4chsischer-Motorboot-Club, Stockardtweg 11, Hannover-Limmer.<\/span><\/p>\n<p><span style=\"font-family: arial, helvetica, sans-serif;\">Hinweis:<\/span><br \/>\n<span style=\"font-family: arial, helvetica, sans-serif;\">Das Schulboot entspricht den Voraussetzungen der geltenden Sportbootf\u00fchrerschein-Verordnungen und deren Anh\u00e4nge, und ist entsprechend ausgestattet. Das Verdeck und eine kleine Heizung an Bord erm\u00f6glicht uns die Ausbildung bis in den Winter hinein.<\/span><\/p>\n","protected":false},"excerpt":{"rendered":"<p>Praktische Motorbootausbildung Zum Erwerb des Amtlichen Sportbootf\u00fchrerschein-Binnen unter Motor und\/oder dem Amtlichen Sportbootf\u00fchrerschein See geh\u00f6rt selbstverst\u00e4ndlich auch die Fahrpraxis. Die Fahrstunde(n), findet\/n auf dem Zweigkanal (neben dem Mittellandkanal) in Seelze statt, Liegeplatz des Schulbootes ist die Marina Rasche-Werft, Werftstra\u00dfe 10, Seelze. Termine nach individueller Absprache. Hier wird der Umgang mit einem motorisierten Wasserfahrzeug erlernt und &hellip; <\/p>\n<p class=\"link-more\"><a href=\"https:\/\/www.charcoal-yachting.de\/?page_id=147\" class=\"more-link\"><span class=\"screen-reader-text\">\u201eSportbootf\u00fchrerschein f\u00fcr den Geltungsbereich Binnenschifffahrtsstra\u00dfen\u201c <\/span>weiterlesen<\/a><\/p>\n","protected":false},"author":1,"featured_media":66,"parent":0,"menu_order":0,"comment_status":"closed","ping_status":"closed","template":"","meta":{"jetpack_post_was_ever_published":false,"footnotes":""},"class_list":["post-147","page","type-page","status-publish","has-post-thumbnail","hentry"],"jetpack_sharing_enabled":false,"jetpack_shortlink":"https:\/\/wp.me\/P9qIZq-2n","jetpack_likes_enabled":true,"jetpack-related-posts":[],"_links":{"self":[{"href":"https:\/\/www.charcoal-yachting.de\/index.php?rest_route=\/wp\/v2\/pages\/147","targetHints":{"allow":["GET"]}}],"collection":[{"href":"https:\/\/www.charcoal-yachting.de\/index.php?rest_route=\/wp\/v2\/pages"}],"about":[{"href":"https:\/\/www.charcoal-yachting.de\/index.php?rest_route=\/wp\/v2\/types\/page"}],"author":[{"embeddable":true,"href":"https:\/\/www.charcoal-yachting.de\/index.php?rest_route=\/wp\/v2\/users\/1"}],"replies":[{"embeddable":true,"href":"https:\/\/www.charcoal-yachting.de\/index.php?rest_route=%2Fwp%2Fv2%2Fcomments&post=147"}],"version-history":[{"count":2,"href":"https:\/\/www.charcoal-yachting.de\/index.php?rest_route=\/wp\/v2\/pages\/147\/revisions"}],"predecessor-version":[{"id":524,"href":"https:\/\/www.charcoal-yachting.de\/index.php?rest_route=\/wp\/v2\/pages\/147\/revisions\/524"}],"wp:featuredmedia":[{"embeddable":true,"href":"https:\/\/www.charcoal-yachting.de\/index.php?rest_route=\/wp\/v2\/media\/66"}],"wp:attachment":[{"href":"https:\/\/www.charcoal-yachting.de\/index.php?rest_route=%2Fwp%2Fv2%2Fmedia&parent=147"}],"curies":[{"name":"wp","href":"https:\/\/api.w.org\/{rel}","templated":true}]}}