{"id":158,"date":"2024-12-01T12:49:05","date_gmt":"2024-12-01T11:49:05","guid":{"rendered":"http:\/\/www.charcoal-yachting.de\/?page_id=158"},"modified":"2024-12-01T12:49:05","modified_gmt":"2024-12-01T11:49:05","slug":"sportbootfuehrerschein-fuer-den-geltungsbereich-seeschifffahrtsstrassen","status":"publish","type":"page","link":"https:\/\/www.charcoal-yachting.de\/?page_id=158","title":{"rendered":"Sportbootf\u00fchrerschein f\u00fcr den Geltungsbereich Seeschifffahrtsstra\u00dfen"},"content":{"rendered":"<p><strong>Amtl. Sportbootf\u00fchrerschein-See, (Pflichtschein)<\/strong> zu erwerben ab 16 Jahre.<br \/>\nDas gilt auch f\u00fcr Segelyachten, die mit einer Antriebsmaschine ausgestattet sind! Deshalb ist der Amtl. SBF-See Voraussetzung f\u00fcr die Pr\u00fcfung zum <strong>Sportk\u00fcstenschifferschein &#8211; SKS<\/strong>.<\/p>\n<p><strong>Der Amtl. SBF-See<\/strong> wird vollst\u00e4ndig mit der theoretischen und praktischen Pr\u00fcfung in Hannover abgeschlossen. Er ist international anerkannt. Pr\u00fcfungstermine werden w\u00e4hrend des Kurses mitgeteilt, \u00c4nderungen sind seitens des Pr\u00fcfungsausschusses vorbehalten.<\/p>\n<p>Die theoretische Ausbildung ist die erforderliche Grundlage und findet einmal w\u00f6chentlich abends statt (acht Abende), siehe Terminplan. Die Lehrg\u00e4nge finden in angenehmer Atmosph\u00e4re in freundlichen, hellen, modernen Unterrichtsr\u00e4umen statt.<\/p>\n<p>Die Besorgung des erforderlichen nautischen Handwerkzeuges, Lehrbuch, Seekarten, Marinezirkel, Kurslineale, etc. wird von uns als Service \u00fcbernommen.<\/p>\n<p>Die praktische Motorbootausbildung, Fahrstunde(n), findet\/n auf dem Zweigkanal (neben dem Mittel-landkanal) Marina Rasche-Werft, Werftstr. 10, Seelze statt.<\/p>\n<p>Termine nach individueller Absprache.<\/p>\n<p>Hier wird der Umgang mit einem motorisierten Wasserfahrzeug erlernt und ge\u00fcbt. Die Pr\u00fcfungen in Theorie und Praxis sind erforderlich und finden am gleichen Tag statt. Sie werden von einer DMYV\/DSV-anerkannten Pr\u00fcfungskommission abgenommen. Hierf\u00fcr muss man sich zu dem geplanten Pr\u00fcfungstermin anmelden. Um den Sportbootf\u00fchrerschein erteilen zu k\u00f6nnen, ben\u00f6tigt der Pr\u00fcfungsausschuss rechtzeitig vor dem Pr\u00fcfungstermin folgende Unterlagen: ein aktuelles Passbild, eine Kopie des Kfz-F\u00fchrerscheines, ggfs. ein F\u00fchrungszeugnis (nur wer Vollj\u00e4hrig ist, aber keinen Kfz-F\u00fchrerschein besitzt), ein \u00e4rztliches Attest f\u00fcr\u00a0 Sportbootf\u00fchrerscheinbewerber, Zustimmung eines Sorgeberechtigten bei Minderj\u00e4hrigen.<\/p>\n<p><strong>Keine Sorge<\/strong>, das wird alles im Theorieunterricht erkl\u00e4rt. Besonderer Service: eine \u00c4rztin kommt zu uns in den Theorieunterricht und erstellt im Nachbarraum das \u00e4rztliche Attest, gegen eine geringe Geb\u00fchr, w\u00e4hrend der Unterricht l\u00e4uft. Man muss also keinen separaten Arzttermin mit Wartezeit in Kauf nehmen.<\/p>\n<p><strong>Der Sportk\u00fcstenschifferschein &#8211; SKS &#8211;<\/strong>, empfohlen f\u00fcr alle Sportfahrzeuge, Geltungsbereich K\u00fcstengew\u00e4sser aller Meere bis zu 12 sm Abstand von der<br \/>\nFestlandk\u00fcste, ist die freiwillige Erweiterung der seglerischen und navigatorischen Ausbildung und wird f\u00fcr den Bereich Segeln vom DSV \u2013 Deutscher Segler-Verband ausgestellt. An das F\u00fchren einer Segelyacht sind h\u00f6here Anforderungen gestellt, daher wird ohne diesen Bef\u00e4higungsnachweis wohl kaum ein gewerblicher Vercharterer ein Boot \u00fcberlassen (siehe auch SKS).<\/p>\n<p><strong>Der Kombilehrgang Amtl. SBF-See + SKS<\/strong> ist, wegen der Voraussetzung Amtl. SBF-See f\u00fcr die SKS-Pr\u00fcfungszulassung, in dieser Form sinnvoll.<br \/>\nSelbstverst\u00e4ndlich kann man zuerst den Amtl. SBF-See erwerben und den SKS sp\u00e4ter hinzuf\u00fcgen. Der zeitliche Abstand sollte hier aber nicht zu gro\u00df sein. Da wir uns als Teilnehmer am Wassersport auf dem Wasser als Motorbootfahrer und\/oder als Segler begegnen, ist es sinnvoll die theoretische Ausbildung gemeinsam zu erleben, um Verst\u00e4ndnis zu entwickeln \u00fcber das Verhalten des jeweiligen Anderen in einer bedrohlichen Situation. Damit wollen wir bewusst zu mehr Sicherheit auf<br \/>\nSee- und Seegew\u00e4ssern beitragen!<\/p>\n<p><strong>Einen Kombilehrgang Amtl. SBF-See + Amtl. SBF-Binnen<\/strong> bieten wir selbstverst\u00e4ndlich auch an. Hier wird zuerst der Amtl. SBF-See erworben. Danach ist der Besuch des Amtl. SBF-Binnen-Theoriekurses mit anschlie\u00dfender Pr\u00fcfung m\u00f6glich. Die Motorboot-Praxispr\u00fcfung und Teile der Theoriepr\u00fcfung entfallen in dieser Reihenfolge, da hierf\u00fcr die Prxispr\u00fcfung und Teile der Theoriepr\u00fcfung aus dem Amtl. SBF-See anerkannt werden. Man spart nicht nur durch die erm\u00e4\u00dfigte Kursgeb\u00fchr des Kombilehrganges, sondern auch durch den Wegfall einer Motorboot-\u00dcbungsfahrt f\u00fcr den Amtl. SBF Binnen!<\/p>\n<p><strong>Praxis SBF See &#8211; <\/strong>Die Praxis holt Ihr Euch an den K\u00fcsten unserer Meere. Mit dem amtlichen Sportbootf\u00fchrerschein See seid Ihr berechtigt in der 3-Meilen-Zone zu fahren Bei der Charter von Booten mit und ohne Skipper stehen wir mit Rat und Tat zur Seite. Ko-operationsvereinbarungen mit Segelschulen an Nord- und Ostsee sichern Euch g\u00fcnstigste Konditionen.<\/p>\n","protected":false},"excerpt":{"rendered":"<p>Amtl. Sportbootf\u00fchrerschein-See, (Pflichtschein) zu erwerben ab 16 Jahre. Das gilt auch f\u00fcr Segelyachten, die mit einer Antriebsmaschine ausgestattet sind! Deshalb ist der Amtl. SBF-See Voraussetzung f\u00fcr die Pr\u00fcfung zum Sportk\u00fcstenschifferschein &#8211; SKS. Der Amtl. SBF-See wird vollst\u00e4ndig mit der theoretischen und praktischen Pr\u00fcfung in Hannover abgeschlossen. Er ist international anerkannt. Pr\u00fcfungstermine werden w\u00e4hrend des Kurses &hellip; <\/p>\n<p class=\"link-more\"><a href=\"https:\/\/www.charcoal-yachting.de\/?page_id=158\" class=\"more-link\"><span class=\"screen-reader-text\">\u201eSportbootf\u00fchrerschein f\u00fcr den Geltungsbereich Seeschifffahrtsstra\u00dfen\u201c <\/span>weiterlesen<\/a><\/p>\n","protected":false},"author":1,"featured_media":48,"parent":0,"menu_order":0,"comment_status":"closed","ping_status":"closed","template":"","meta":{"jetpack_post_was_ever_published":false,"footnotes":""},"class_list":["post-158","page","type-page","status-publish","has-post-thumbnail","hentry"],"jetpack_sharing_enabled":true,"jetpack_shortlink":"https:\/\/wp.me\/P9qIZq-2y","jetpack_likes_enabled":true,"jetpack-related-posts":[],"_links":{"self":[{"href":"https:\/\/www.charcoal-yachting.de\/index.php?rest_route=\/wp\/v2\/pages\/158","targetHints":{"allow":["GET"]}}],"collection":[{"href":"https:\/\/www.charcoal-yachting.de\/index.php?rest_route=\/wp\/v2\/pages"}],"about":[{"href":"https:\/\/www.charcoal-yachting.de\/index.php?rest_route=\/wp\/v2\/types\/page"}],"author":[{"embeddable":true,"href":"https:\/\/www.charcoal-yachting.de\/index.php?rest_route=\/wp\/v2\/users\/1"}],"replies":[{"embeddable":true,"href":"https:\/\/www.charcoal-yachting.de\/index.php?rest_route=%2Fwp%2Fv2%2Fcomments&post=158"}],"version-history":[{"count":3,"href":"https:\/\/www.charcoal-yachting.de\/index.php?rest_route=\/wp\/v2\/pages\/158\/revisions"}],"predecessor-version":[{"id":520,"href":"https:\/\/www.charcoal-yachting.de\/index.php?rest_route=\/wp\/v2\/pages\/158\/revisions\/520"}],"wp:featuredmedia":[{"embeddable":true,"href":"https:\/\/www.charcoal-yachting.de\/index.php?rest_route=\/wp\/v2\/media\/48"}],"wp:attachment":[{"href":"https:\/\/www.charcoal-yachting.de\/index.php?rest_route=%2Fwp%2Fv2%2Fmedia&parent=158"}],"curies":[{"name":"wp","href":"https:\/\/api.w.org\/{rel}","templated":true}]}}