{"id":566,"date":"2024-12-01T12:33:13","date_gmt":"2024-12-01T11:33:13","guid":{"rendered":"http:\/\/www.charcoal-yachting.de\/?page_id=566"},"modified":"2024-12-01T12:33:13","modified_gmt":"2024-12-01T11:33:13","slug":"agb","status":"publish","type":"page","link":"https:\/\/www.charcoal-yachting.de\/?page_id=566","title":{"rendered":"AGB"},"content":{"rendered":"\n\n<p style=\"text-align: center;\"><span style=\"font-size: 14pt;\"><strong>Die allgemeinen Gesch\u00e4ftsbedingungen der <\/strong><\/span><\/p>\n<p style=\"text-align: center;\"><span style=\"font-size: 14pt;\"><strong>CHARCOAL YACHTING Segel- u. Yachtschule<\/strong><\/span><\/p>\n<ol>\n<li>Der\/die Anmeldende erkl\u00e4rt durch seine verbindliche E-Mail-Anmeldung oder Unterschrift auf dem Anmeldeformular, an dem ausgew\u00e4hlten und von der CHARCOAL YACHTING Segel- u. Yachtschule angebotenem Kurs teilzunehmen. Die Anmeldung gilt jeweils nur f\u00fcr den Kurs, der durch das Datum des Kursbeginns oder die Kursnummer bezeichnet ist. Alle Kurse werden nach diesen AGB abgewickelt.<\/li>\n<li>Wird die Anmeldung schriftlich best\u00e4tigt und nicht innerhalb von 10 Tagen von der CHARCOAL YACHTING Segel- u. Yachtschule schriftlich abgelehnt, so ist zwischen Anmeldenden und der CHARCOAL YACHTING Segel- u. Yachtschule ein Ausbildungsvertrag zustande gekommen, der sich auf den jeweiligen Kurs beschr\u00e4nkt. Aus diesem Vertrag haften beide Seiten f\u00fcr die Erf\u00fcllung ihrer Verpflichtungen.<\/li>\n<li>Der Vertrag kann vom Kursteilnehmer*innen bis 8 Tage vor Kursbeginn storniert werden. Die Stornogeb\u00fchr betr\u00e4gt 60 \u20ac. Bei gleichzeitiger Anmeldung zu mehreren Kursen muss die Stornierung bis 14 Tage vor Beginn des fr\u00fchesten Kurses bei der CHARCOAL YACHTING Segel- u. Yachtschule eingegangen sein.<\/li>\n<li>Die von der CHARCOAL YACHTING Segel- u. Yachtschule vereinbarten Start- und Durchf\u00fchrungstermine der Kurse und praktischen Ausbildungseinheiten werden vereinbart. Im Besonderen obliegt bei der Segelpraxisausbildung, in Kenntnis des Risikos h\u00f6herer Gewalt, die Entscheidung, ob wegen zu starken oder zu geringen Windes, eine Ausbildungseinheit durch-gef\u00fchrt wird, ausschlie\u00dflich der Ausbildungsleitung. Ist aus diesem Grunde, wie auch aus unvorhersehbaren Personalengp\u00e4ssen (z.B. Krankheit) oder wegen technischer Defekte an Motor- oder Segelbooten, die CHARCOAL YACHTING Segel- u. Yachtschule gehindert, die Terminvereinbarungen oder die Durchf\u00fchrung der Ausbildungseinheit zum vereinbarten Zeitpunkt zu erf\u00fcllen, berechtigt dies den Kursteilnehmer*innen nicht zum Vertragsr\u00fccktritt. Die CHARCOAL YACHTING Segel- u. Yachtschule sichert die umgehende fachgerechte Beseitigung technischer Defekte an Motor- und Segelbooten zu. Gleichfalls beh\u00e4lt sich die CHARCOAL YACHTING Segel- u. Yachtschule das Recht vor, einen Theoriekurs nicht durchzuf\u00fchren, wenn die Mindestteilnehmer*innenzahl von 5 Personen nicht erreicht wird. Die CHARCOAL YACHTING Segel- u. Yachtschule wird bem\u00fcht sein, dem Kursteilnehmer*innen Terminalternativen anzubieten. Sollte der CHARCOAL YACHTING Segel- u. Yachtschule eine Ersatzleistung nicht m\u00f6glich sein, erfolgt sofortige Erstattung der bereits gezahlten Kursgeb\u00fchr unter Abzug und Ber\u00fccksichtigung der bis dahin erbrachten Leistung.<\/li>\n<li>Die Kursgeb\u00fchr wird am 1. Kursabend bzw. Kurstag, an den Tagen der terminierten Motorboot-\u00dcbungsfahrten f\u00e4llig, sp\u00e4testens am zweiten Kursabend bzw. Kurstag. Sie kann bis zu diesem Datum entweder in bar am Kursort oder auf dem Motorboot oder per \u00dcberweisung auf die Bankverbindung der CHARCOAL YACHTING Segel- u. Yachtschule bezahlt werden. Die H\u00f6he der Kursgeb\u00fchr\/die Geb\u00fchr f\u00fcr eine Motorboot-\u00dcbungsfahrt bezieht sich auf die g\u00fcltige Preisliste.<\/li>\n<li>Alle Preise verstehen sich einschlie\u00dflich jeweils gesetzlicher MwSt.<\/li>\n<li>Kursteilnehmer*innen*innen bleiben zur Zahlung der Kursgeb\u00fchr auch dann verpflichtet, wenn keine Teilnahme am Kurs erfolgt oder diesen vor der Pr\u00fcfung abbricht, es sei denn, die CHARCOAL YACHTING Segel- u. Yachtschule tr\u00e4fe hieran ein Verschulden. Eine Erstattung von Kursgeb\u00fchren im Falle von Nichtteilnahme oder vorzeitigem Abbruch ist ausgeschlossen. Im Falle von Verhinderung durch Krankheit, Nachweis durch \u00e4rztliches Attest vorausgesetzt, kann die CHARCOAL YACHTING Segel- u. Yachtschule eine Teilerstattung der bereits gezahlten Kursgeb\u00fchr unter Aufrechnung der bis dahin erbrachten Leistung anbieten. Vor Beginn des Kurses kann vom urspr\u00fcnglichen Teilnehmer*innen ein Ersatzteilnehmer*innen benannt werden, der in den bestehenden Vertrag einsteigt.<\/li>\n<\/ol>\n<p>Seite 2 der AGB der CHARCOAL YACHTING Segel- und Yachtschule<\/p>\n<ol>\n<li>Die CHARCOAL YACHTING Segel- u. Yachtschule stellt es dem Kunden frei, seine Praxis-Ausbildungstermine sowie deren Ablauf nach den vorliegenden Unterlagen selbst zu bestimmen, in Abstimmung mit dem Ausbildungsleiter, und in parallellaufende gleiche Ausbildungs-einheiten umzusteigen. Ein Anspruch hierauf, sowie auf Ausbildungs- und Unterrichtstermine an bestimmten Wochentagen besteht nicht.<\/li>\n<li>Alle Teilnehmer*innen sind frei in der Wahl der Pr\u00fcfungstermine, welche die CHARCOAL YACHTING Segel- u. Yachtschule in Absprache mit den Pr\u00fcfungsaussch\u00fcssen der Wassersportverb\u00e4nde vorschl\u00e4gt. Der gew\u00e4hlte Pr\u00fcfungstermin muss jedoch innerhalb eines Jahres ab Kursbeginn liegen.<\/li>\n<li>Durchf\u00fchrungsanspr\u00fcche auf Leistungen aus dem Vertrag k\u00f6nnen max. 6 Monate ab Kursbeginn geltend gemacht werden. Eine zeitliche Verl\u00e4ngerung des Vertrages ist nur nach Vereinbarung m\u00f6glich.<\/li>\n<li>Die CHARCOAL YACHTING Segel- u. Yachtschule hat das Recht, den Ausbildungsvertrag fristlos und ohne Ersatzanspr\u00fcche seitens des Teilnehmenden zu k\u00fcndigen, wenn dieser, sofern er unter j\u00fcnger als 14 Jahre ist, trotz Aufforderung ohne Schwimmweste segelt, den Anweisungen der Segellehrer*innen oder eines von der CHARCOAL YACHTING Segel- u. Yachtschule Beauftragten nicht Folge leistet, oder unerlaubt mit den Schiffen oder Materialien der CHARCOAL YACHTING Segel- u. Yachtschule oder denen der mit der Durchf\u00fchrung der Ausbildung beauftragten Wassersportschule hantiert.<\/li>\n<li>Kursteilnehmer*innen und Bootsmieter*innen sind durch die CHARCOAL YACHTING Segel- u. Yachtschule Betriebshaftpflicht versichert. F\u00fcr Sch\u00e4den, die an den Schulungsschiffen grob fahrl\u00e4ssig oder vors\u00e4tzlich durch Kursteilnehmer*innen verursacht werden, haftet der Teilnehmende vollumf\u00e4nglich. In einem solchen Falle werden f\u00fcr die Bergung eines gekenterten oder besch\u00e4digten Schiffes zus\u00e4tzlich mindestens \u20ac100,- als Aufwandsentsch\u00e4digung berechnet. Dieser Betrag kann sich erh\u00f6hen, wenn f\u00fcr die Bergung h\u00f6here Aufwendungen durch Spezialschiffe\/-apparaturen erforderlich werden, dann erfolgt die Berechnung auf Grundlage nachgewiesener Aufwendungen.<\/li>\n<li>Eine Salvatorische Klausel findet keine Anwendung, denn hier regelt <a href=\"http:\/\/www.juraforum.de\/gesetze\/bgb\/306-rechtsfolgen-bei-nichteinbeziehung-und-unwirksamkeit\">\u00a7 306 Abs. 1 BGB<\/a>, dass eine unwirksame Klausel den Rest der AGB nicht ber\u00fchrt.<\/li>\n<li>Es gilt das Recht der Bundesrepublik Deutschland. Gerichtsstand ist Hannover.<\/li>\n<\/ol>\n<p>\u00a0Stand Dezember 2021<\/p>\n<p><strong>C<\/strong><strong>HARCOAL <\/strong><strong>Y<\/strong><strong>ACHTING <\/strong><\/p>\n<p>SEGEL- UND YACHTSCHULE IN HANNOVER <br \/>WOLFGANG KOEHLER INH. <br \/>SEGELLEHRER DSV-LIZENZ <br \/>AM POTTHOF 5 A<\/p>\n<p>30880 LAATZEN<\/p>\n<p>PHONE:\u00a0\u00a0\u00a0\u00a0\u00a0\u00a0\u00a0 +49 (0) 511 8 76 44 10 <br \/>FAX:\u00a0\u00a0\u00a0\u00a0\u00a0\u00a0\u00a0\u00a0\u00a0\u00a0\u00a0\u00a0\u00a0\u00a0 +49 (0) 511 8 76 44 09 <br \/>MOBIL:\u00a0\u00a0\u00a0\u00a0\u00a0\u00a0\u00a0\u00a0 +49 (0) 173 6 72 63 70 <br \/>E-MAIL:\u00a0\u00a0\u00a0\u00a0\u00a0\u00a0\u00a0 <a href=\"mailto:charcoalyachting@web.de\">charcoalyachting@web.de<\/a> <br \/>INTERNET : <a href=\"http:\/\/www.charcoal-yachting.de\/\">www.charcoal-yachting.de<\/a><\/p>\n<p>Mitglied im<strong> VDS<\/strong> \u2013 Verband deutscher Sportbootschulen,<strong> QAW<\/strong> \u2013 Auszeichnung f\u00fcr Qualit\u00e4tsausbildung im Wassersport<strong>, DSV <\/strong>\u2013 anerkannte Ausbildung f\u00fcr Sportbootf\u00fchrerscheine Segel- und Motorboot (<strong>Geltungsbereiche Binnen- und Seeschifffahrtsstra\u00dfen)<\/strong>, Sportk\u00fcstenschifferschein<strong> SKS<\/strong>, UKW-Funk \u2013 Zeugnisse<strong> SRC<\/strong> und<strong> UBI<\/strong>, Fachkundenachweis Seenotsignalmittel<strong> FKN<\/strong>, Bootsvermietung, Vermittlung von Segel-\/Ausbildungst\u00f6rns, Vertrieb von Lehrmitteln, Bootsausr\u00fcstungen und Zubeh\u00f6r.<\/p>\n<p>\u00a0<\/p>\n<p>Bankverbindung Hannoversche Volksbank eG, IBAN: DE 04 2519 0001 0585 0622 00, BIC: VOHA DE 2HXX X,<\/p>\n<p>BLZ 251 900 01, Kto.-Nr. 585 062 200, USt.-Id.-Nr. DE 250 232 703<\/p>","protected":false},"excerpt":{"rendered":"<p>Die allgemeinen Gesch\u00e4ftsbedingungen der CHARCOAL YACHTING Segel- u. Yachtschule Der\/die Anmeldende erkl\u00e4rt durch seine verbindliche E-Mail-Anmeldung oder Unterschrift auf dem Anmeldeformular, an dem ausgew\u00e4hlten und von der CHARCOAL YACHTING Segel- u. Yachtschule angebotenem Kurs teilzunehmen. Die Anmeldung gilt jeweils nur f\u00fcr den Kurs, der durch das Datum des Kursbeginns oder die Kursnummer bezeichnet ist. Alle &hellip; <\/p>\n<p class=\"link-more\"><a href=\"https:\/\/www.charcoal-yachting.de\/?page_id=566\" class=\"more-link\"><span class=\"screen-reader-text\">\u201eAGB\u201c <\/span>weiterlesen<\/a><\/p>\n","protected":false},"author":1,"featured_media":0,"parent":0,"menu_order":0,"comment_status":"closed","ping_status":"closed","template":"","meta":{"jetpack_post_was_ever_published":false,"footnotes":""},"class_list":["post-566","page","type-page","status-publish","hentry"],"jetpack_sharing_enabled":true,"jetpack_shortlink":"https:\/\/wp.me\/P9qIZq-98","jetpack_likes_enabled":true,"jetpack-related-posts":[],"_links":{"self":[{"href":"https:\/\/www.charcoal-yachting.de\/index.php?rest_route=\/wp\/v2\/pages\/566","targetHints":{"allow":["GET"]}}],"collection":[{"href":"https:\/\/www.charcoal-yachting.de\/index.php?rest_route=\/wp\/v2\/pages"}],"about":[{"href":"https:\/\/www.charcoal-yachting.de\/index.php?rest_route=\/wp\/v2\/types\/page"}],"author":[{"embeddable":true,"href":"https:\/\/www.charcoal-yachting.de\/index.php?rest_route=\/wp\/v2\/users\/1"}],"replies":[{"embeddable":true,"href":"https:\/\/www.charcoal-yachting.de\/index.php?rest_route=%2Fwp%2Fv2%2Fcomments&post=566"}],"version-history":[{"count":1,"href":"https:\/\/www.charcoal-yachting.de\/index.php?rest_route=\/wp\/v2\/pages\/566\/revisions"}],"predecessor-version":[{"id":568,"href":"https:\/\/www.charcoal-yachting.de\/index.php?rest_route=\/wp\/v2\/pages\/566\/revisions\/568"}],"wp:attachment":[{"href":"https:\/\/www.charcoal-yachting.de\/index.php?rest_route=%2Fwp%2Fv2%2Fmedia&parent=566"}],"curies":[{"name":"wp","href":"https:\/\/api.w.org\/{rel}","templated":true}]}}